{"id":25753,"date":"2023-09-02T23:25:53","date_gmt":"2023-09-02T21:25:53","guid":{"rendered":"https:\/\/test.costablancaelite.com\/?page_id=25753"},"modified":"2026-04-09T23:22:15","modified_gmt":"2026-04-09T21:22:15","slug":"personal-shopper","status":"publish","type":"page","link":"https:\/\/costablancaelite.com\/es\/personal-shopper\/","title":{"rendered":"Personal Shopper"},"content":{"rendered":"\t\t<div data-elementor-type=\"wp-page\" data-elementor-id=\"25753\" class=\"elementor elementor-25753\" data-elementor-post-type=\"page\">\n\t\t\t\t\t\t<section class=\"elementor-section elementor-top-section elementor-element elementor-element-9166986 elementor-section-content-middle elementor-section-boxed elementor-section-height-default elementor-section-height-default\" data-id=\"9166986\" data-element_type=\"section\" data-e-type=\"section\" data-settings=\"{&quot;jet_parallax_layout_list&quot;:[]}\">\n\t\t\t\t\t\t<div class=\"elementor-container elementor-column-gap-default\">\n\t\t\t\t\t<div class=\"elementor-column elementor-col-50 elementor-top-column elementor-element elementor-element-26c1c39\" data-id=\"26c1c39\" data-element_type=\"column\" data-e-type=\"column\">\n\t\t\t<div class=\"elementor-widget-wrap elementor-element-populated\">\n\t\t\t\t\t\t<div class=\"elementor-element elementor-element-456a3be elementor-widget elementor-widget-image\" data-id=\"456a3be\" data-element_type=\"widget\" data-e-type=\"widget\" data-widget_type=\"image.default\">\n\t\t\t\t<div class=\"elementor-widget-container\">\n\t\t\t\t\t\t\t\t\t\t\t\t\t\t\t<img decoding=\"async\" src=\"https:\/\/costablancaelite.com\/wp-content\/uploads\/elementor\/thumbs\/portrait-real-estate-and-happy-family-moving-into-2023-01-04-20-32-20-utc-reqgax589aiy10p1pub3etnxyya98h67aativze7ow.jpg\" title=\"portrait real estate and happy family moving into 2023 01 04 20 32 20 utc\" alt=\"portrait real estate and happy family moving into 2023 01 04 20 32 20 utc\" loading=\"lazy\" \/>\t\t\t\t\t\t\t\t\t\t\t\t\t\t\t<\/div>\n\t\t\t\t<\/div>\n\t\t\t\t\t<\/div>\n\t\t<\/div>\n\t\t\t\t<div class=\"elementor-column elementor-col-50 elementor-top-column elementor-element elementor-element-f8a1e33\" data-id=\"f8a1e33\" data-element_type=\"column\" data-e-type=\"column\">\n\t\t\t<div class=\"elementor-widget-wrap elementor-element-populated\">\n\t\t\t\t\t\t<div class=\"elementor-element elementor-element-2635693 elementor-invisible elementor-widget elementor-widget-heading\" data-id=\"2635693\" data-element_type=\"widget\" data-e-type=\"widget\" data-settings=\"{&quot;_animation&quot;:&quot;fadeIn&quot;}\" data-widget_type=\"heading.default\">\n\t\t\t\t<div class=\"elementor-widget-container\">\n\t\t\t\t\t<h2 class=\"elementor-heading-title elementor-size-default\">Personal Shopper Inmobiliario de Lujo | Servicio Exclusivo con Discreci\u00f3n<\/h2>\t\t\t\t<\/div>\n\t\t\t\t<\/div>\n\t\t\t\t<div class=\"elementor-element elementor-element-77ff1d5 elementor-widget elementor-widget-text-editor\" data-id=\"77ff1d5\" data-element_type=\"widget\" data-e-type=\"widget\" data-widget_type=\"text-editor.default\">\n\t\t\t\t<div class=\"elementor-widget-container\">\n\t\t\t\t\t\t\t\t\t<div class=\"flex flex-col text-sm pb-25\"><section class=\"text-token-text-primary w-full focus:outline-none [--shadow-height:45px] has-data-writing-block:pointer-events-none has-data-writing-block:-mt-(--shadow-height) has-data-writing-block:pt-(--shadow-height) [&amp;:has([data-writing-block])&gt;*]:pointer-events-auto scroll-mt-[calc(var(--header-height)+min(200px,max(70px,20svh)))]\" dir=\"auto\" data-turn-id=\"request-WEB:607ff179-91cf-40d5-98c1-e98c68e998ca-12\" data-testid=\"conversation-turn-26\" data-scroll-anchor=\"true\" data-turn=\"assistant\"><div class=\"text-base my-auto mx-auto pb-10 [--thread-content-margin:var(--thread-content-margin-xs,calc(var(--spacing)*4))] @w-sm\/main:[--thread-content-margin:var(--thread-content-margin-sm,calc(var(--spacing)*6))] @w-lg\/main:[--thread-content-margin:var(--thread-content-margin-lg,calc(var(--spacing)*16))] px-(--thread-content-margin)\"><div class=\"[--thread-content-max-width:40rem] @w-lg\/main:[--thread-content-max-width:48rem] mx-auto max-w-(--thread-content-max-width) flex-1 group\/turn-messages focus-visible:outline-hidden relative flex w-full min-w-0 flex-col agent-turn\"><div class=\"flex max-w-full flex-col gap-4 grow\"><div class=\"min-h-8 text-message relative flex w-full flex-col items-end gap-2 text-start break-words whitespace-normal outline-none keyboard-focused:focus-ring [.text-message+&amp;]:mt-1\" dir=\"auto\" tabindex=\"0\" data-message-author-role=\"assistant\" data-message-id=\"ddf08822-5e27-472f-93d2-482097cf8bfd\" data-message-model-slug=\"gpt-5-3\" data-turn-start-message=\"true\"><div class=\"flex w-full flex-col gap-1 empty:hidden\"><div class=\"markdown prose dark:prose-invert w-full wrap-break-word dark markdown-new-styling\"><p data-start=\"79\" data-end=\"158\"><strong data-start=\"79\" data-end=\"158\">Servicio de Compra de Propiedades de Lujo con M\u00e1s de 15 A\u00f1os de Experiencia<\/strong><\/p><p data-start=\"160\" data-end=\"356\">Ad\u00e9ntrate en el mundo del <strong data-start=\"186\" data-end=\"210\">inmobiliario de lujo<\/strong> con un <strong data-start=\"218\" data-end=\"251\">Personal Shopper Inmobiliario<\/strong> especializado en la b\u00fasqueda de <strong data-start=\"284\" data-end=\"355\">propiedades exclusivas, villas de lujo y viviendas de alto standing<\/strong>.<\/p><p data-start=\"358\" data-end=\"728\">Con m\u00e1s de <strong data-start=\"369\" data-end=\"430\">15 a\u00f1os de experiencia en el mercado inmobiliario de lujo<\/strong>, ofrezco un servicio de compra <strong data-start=\"462\" data-end=\"510\">premium, discreto y totalmente personalizado<\/strong>. A lo largo de los a\u00f1os, he desarrollado un profundo conocimiento del mercado, s\u00f3lidas conexiones en el sector y acceso a <strong data-start=\"633\" data-end=\"689\">propiedades exclusivas fuera de mercado (off-market)<\/strong> que no est\u00e1n disponibles p\u00fablicamente.<\/p><p data-start=\"730\" data-end=\"939\" data-is-last-node=\"\" data-is-only-node=\"\">Mi experiencia me permite comprender tus necesidades de forma inmediata y encontrar la <strong data-start=\"817\" data-end=\"855\">propiedad de lujo perfecta para ti<\/strong>, ahorr\u00e1ndote tiempo y garantizando el m\u00e1s alto nivel de calidad y confidencialidad.<\/p><\/div><\/div><\/div><\/div><div class=\"z-0 flex min-h-[46px] justify-start\">\u00a0<\/div><div class=\"mt-3 w-full empty:hidden\"><div class=\"text-center\">\u00a0<\/div><\/div><\/div><\/div><\/section><\/div><div class=\"pointer-events-none h-px w-px absolute bottom-0\" aria-hidden=\"true\" data-edge=\"true\">\u00a0<\/div>\t\t\t\t\t\t\t\t<\/div>\n\t\t\t\t<\/div>\n\t\t\t\t\t<\/div>\n\t\t<\/div>\n\t\t\t\t\t<\/div>\n\t\t<\/section>\n\t\t\t\t<section class=\"elementor-section elementor-top-section elementor-element elementor-element-d488a49 elementor-section-content-middle elementor-reverse-mobile elementor-section-boxed elementor-section-height-default elementor-section-height-default\" data-id=\"d488a49\" data-element_type=\"section\" data-e-type=\"section\" data-settings=\"{&quot;jet_parallax_layout_list&quot;:[]}\">\n\t\t\t\t\t\t<div class=\"elementor-container elementor-column-gap-default\">\n\t\t\t\t\t<div class=\"elementor-column elementor-col-50 elementor-top-column elementor-element elementor-element-74125cb\" data-id=\"74125cb\" data-element_type=\"column\" data-e-type=\"column\">\n\t\t\t<div class=\"elementor-widget-wrap elementor-element-populated\">\n\t\t\t\t\t\t<div class=\"elementor-element elementor-element-8265e04 elementor-invisible elementor-widget elementor-widget-heading\" data-id=\"8265e04\" data-element_type=\"widget\" data-e-type=\"widget\" data-settings=\"{&quot;_animation&quot;:&quot;fadeIn&quot;}\" data-widget_type=\"heading.default\">\n\t\t\t\t<div class=\"elementor-widget-container\">\n\t\t\t\t\t<h2 class=\"elementor-heading-title elementor-size-default\">B\u00fasqueda Exclusiva de Propiedades de Lujo | Servicio Discreto y Personalizado<\/h2>\t\t\t\t<\/div>\n\t\t\t\t<\/div>\n\t\t\t\t<div class=\"elementor-element elementor-element-23d2a9a elementor-widget elementor-widget-text-editor\" data-id=\"23d2a9a\" data-element_type=\"widget\" data-e-type=\"widget\" data-widget_type=\"text-editor.default\">\n\t\t\t\t<div class=\"elementor-widget-container\">\n\t\t\t\t\t\t\t\t\t<p>\u00a0<\/p><p>Mi servicio de <strong>b\u00fasqueda de propiedades de lujo<\/strong> est\u00e1 dise\u00f1ado para clientes que valoran la <strong>privacidad, la eficiencia y la excelencia<\/strong>.<\/p><p>Trabajo de forma completamente online mediante <strong>llamadas telef\u00f3nicas y videollamadas<\/strong>, ofreci\u00e9ndote la m\u00e1xima flexibilidad est\u00e9s donde est\u00e9s en el mundo. Esto te permite explorar el <strong>mercado inmobiliario de lujo<\/strong> de forma c\u00f3moda, eficiente y ahorrando tiempo.<\/p><p>Todas las <strong>visitas y reuniones<\/strong> se organizan en un entorno <strong>privado y profesional<\/strong>\u2014en las oficinas de los constructores, en la propia propiedad o en el lugar que t\u00fa elijas\u2014garantizando en todo momento una experiencia <strong>confidencial, fluida y a medida<\/strong>.<\/p><p>Te beneficias de:<\/p><ul><li><p>Acceso a <strong>propiedades exclusivas de lujo y oportunidades off-market<\/strong><\/p><\/li><li><p>Un servicio de <strong>asesoramiento inmobiliario premium<\/strong><\/p><\/li><li><p>Una experiencia de compra <strong>totalmente discreta y personalizada<\/strong><\/p><\/li><\/ul>\t\t\t\t\t\t\t\t<\/div>\n\t\t\t\t<\/div>\n\t\t\t\t\t<\/div>\n\t\t<\/div>\n\t\t\t\t<div class=\"elementor-column elementor-col-50 elementor-top-column elementor-element elementor-element-2233a50\" data-id=\"2233a50\" data-element_type=\"column\" data-e-type=\"column\">\n\t\t\t<div class=\"elementor-widget-wrap elementor-element-populated\">\n\t\t\t\t\t\t<div class=\"elementor-element elementor-element-cb27bf9 elementor-widget elementor-widget-image\" data-id=\"cb27bf9\" data-element_type=\"widget\" data-e-type=\"widget\" data-widget_type=\"image.default\">\n\t\t\t\t<div class=\"elementor-widget-container\">\n\t\t\t\t\t\t\t\t\t\t\t\t\t\t\t<img decoding=\"async\" src=\"https:\/\/costablancaelite.com\/wp-content\/uploads\/elementor\/thumbs\/portrait-real-estate-and-happy-family-moving-into-2022-12-12-18-03-16-utc-reqgav9jvmgddsrs0thu9u50s6jit2yqm1ijxfh01c.jpg\" title=\"portrait, real estate and happy family moving into their new luxury home, house or property in summ\" alt=\"portrait, real estate and happy family moving into their new luxury home, house or property in summ\" loading=\"lazy\" \/>\t\t\t\t\t\t\t\t\t\t\t\t\t\t\t<\/div>\n\t\t\t\t<\/div>\n\t\t\t\t\t<\/div>\n\t\t<\/div>\n\t\t\t\t\t<\/div>\n\t\t<\/section>\n\t\t\t\t<section class=\"elementor-section elementor-top-section elementor-element elementor-element-b5ec2da elementor-section-content-middle elementor-section-boxed elementor-section-height-default elementor-section-height-default\" data-id=\"b5ec2da\" data-element_type=\"section\" data-e-type=\"section\" data-settings=\"{&quot;jet_parallax_layout_list&quot;:[]}\">\n\t\t\t\t\t\t<div class=\"elementor-container elementor-column-gap-default\">\n\t\t\t\t\t<div class=\"elementor-column elementor-col-100 elementor-top-column elementor-element elementor-element-f3b515b\" data-id=\"f3b515b\" data-element_type=\"column\" data-e-type=\"column\">\n\t\t\t<div class=\"elementor-widget-wrap elementor-element-populated\">\n\t\t\t\t\t\t<div class=\"elementor-element elementor-element-11c37aa elementor-invisible elementor-widget elementor-widget-heading\" data-id=\"11c37aa\" data-element_type=\"widget\" data-e-type=\"widget\" data-settings=\"{&quot;_animation&quot;:&quot;fadeIn&quot;}\" data-widget_type=\"heading.default\">\n\t\t\t\t<div class=\"elementor-widget-container\">\n\t\t\t\t\t<h2 class=\"elementor-heading-title elementor-size-default\">Toda la informaci\u00f3n detallada que necesites<\/h2>\t\t\t\t<\/div>\n\t\t\t\t<\/div>\n\t\t\t\t<div class=\"elementor-element elementor-element-9b3f70f elementor-widget elementor-widget-image\" data-id=\"9b3f70f\" data-element_type=\"widget\" data-e-type=\"widget\" data-widget_type=\"image.default\">\n\t\t\t\t<div class=\"elementor-widget-container\">\n\t\t\t\t\t\t\t\t\t\t\t\t\t\t\t<img fetchpriority=\"high\" decoding=\"async\" width=\"1024\" height=\"515\" src=\"https:\/\/costablancaelite.com\/wp-content\/uploads\/luxury-resort-2021-08-26-15-32-53-utc.jpg\" class=\"attachment-large size-large wp-image-25758\" alt=\"luxury resort\" srcset=\"https:\/\/costablancaelite.com\/wp-content\/uploads\/luxury-resort-2021-08-26-15-32-53-utc.jpg 1024w, https:\/\/costablancaelite.com\/wp-content\/uploads\/luxury-resort-2021-08-26-15-32-53-utc-768x386.jpg 768w\" sizes=\"(max-width: 1024px) 100vw, 1024px\" title=\"\">\t\t\t\t\t\t\t\t\t\t\t\t\t\t\t<\/div>\n\t\t\t\t<\/div>\n\t\t\t\t<div class=\"elementor-element elementor-element-16416f3 elementor-widget elementor-widget-text-editor\" data-id=\"16416f3\" data-element_type=\"widget\" data-e-type=\"widget\" data-widget_type=\"text-editor.default\">\n\t\t\t\t<div class=\"elementor-widget-container\">\n\t\t\t\t\t\t\t\t\t<p><strong>Inmobiliaria de lujo sin estr\u00e9s | Confianza, discreci\u00f3n y resultados<\/strong><\/p><p>Mi objetivo es ofrecerte una <strong>experiencia inmobiliaria de lujo sin estr\u00e9s<\/strong>, donde todo se gestiona con profesionalidad y una cuidada atenci\u00f3n al detalle.<\/p><p>Trabajo con un compromiso claro:<br \/>\ud83d\udc49 Tus intereses, tu privacidad y tu confianza est\u00e1n siempre en primer lugar<\/p><p>Gracias a a\u00f1os de experiencia, muchos clientes vuelven a confiar en mis servicios y me recomiendan, valorando la combinaci\u00f3n de <strong>discreci\u00f3n, experiencia y atenci\u00f3n personalizada<\/strong>.<\/p><p>Lo que comienza como una colaboraci\u00f3n profesional, a menudo se convierte en una relaci\u00f3n de confianza a largo plazo, basada en resultados, excelencia y un enfoque totalmente personalizado dentro del sector inmobiliario de lujo.<\/p>\t\t\t\t\t\t\t\t<\/div>\n\t\t\t\t<\/div>\n\t\t\t\t\t<\/div>\n\t\t<\/div>\n\t\t\t\t\t<\/div>\n\t\t<\/section>\n\t\t\t\t<section class=\"elementor-section elementor-top-section elementor-element elementor-element-329e981 elementor-section-content-middle elementor-section-boxed elementor-section-height-default elementor-section-height-default\" data-id=\"329e981\" data-element_type=\"section\" data-e-type=\"section\" data-settings=\"{&quot;jet_parallax_layout_list&quot;:[]}\">\n\t\t\t\t\t\t<div class=\"elementor-container elementor-column-gap-default\">\n\t\t\t\t\t<div class=\"elementor-column elementor-col-100 elementor-top-column elementor-element elementor-element-c8fe8df\" data-id=\"c8fe8df\" data-element_type=\"column\" data-e-type=\"column\">\n\t\t\t<div class=\"elementor-widget-wrap elementor-element-populated\">\n\t\t\t\t\t\t<div class=\"elementor-element elementor-element-9ce12ec elementor-invisible elementor-widget elementor-widget-heading\" data-id=\"9ce12ec\" data-element_type=\"widget\" data-e-type=\"widget\" data-settings=\"{&quot;_animation&quot;:&quot;fadeIn&quot;}\" data-widget_type=\"heading.default\">\n\t\t\t\t<div class=\"elementor-widget-container\">\n\t\t\t\t\t<h2 class=\"elementor-heading-title elementor-size-default\">Inmobiliaria de lujo sin estr\u00e9s | Confianza, discreci\u00f3n y resultados\n<\/h2>\t\t\t\t<\/div>\n\t\t\t\t<\/div>\n\t\t\t\t<div class=\"elementor-element elementor-element-b210811 elementor-widget elementor-widget-text-editor\" data-id=\"b210811\" data-element_type=\"widget\" data-e-type=\"widget\" data-widget_type=\"text-editor.default\">\n\t\t\t\t<div class=\"elementor-widget-container\">\n\t\t\t\t\t\t\t\t\t<ul><li><p>Negocio personalmente en tu nombre para conseguir las <strong>mejores condiciones de compra<\/strong>, protegiendo siempre tus intereses con discreci\u00f3n y experiencia. Mi servicio no termina con la operaci\u00f3n: contin\u00fao acompa\u00f1\u00e1ndote despu\u00e9s de la compra, garantizando una experiencia completa, fluida y sin preocupaciones.<\/p><p>Mi principal objetivo es ofrecer un <strong>servicio inmobiliario de lujo, exclusivo y a medida<\/strong>, adaptado a las expectativas de los clientes m\u00e1s exigentes, donde la excelencia, la personalizaci\u00f3n y la satisfacci\u00f3n se sit\u00faan siempre al m\u00e1s alto nivel.<\/p><hr \/><p>Mi objetivo es ofrecerte una <strong>experiencia inmobiliaria de lujo sin estr\u00e9s<\/strong>, donde todo se gestiona con profesionalidad y una cuidada atenci\u00f3n al detalle.<\/p><p>Trabajo con un compromiso claro:<br \/>\ud83d\udc49 Tus intereses, tu privacidad y tu confianza est\u00e1n siempre por delante de todo<\/p><p>Gracias a a\u00f1os de experiencia, muchos clientes vuelven a confiar en mis servicios y me recomiendan, valorando la combinaci\u00f3n de <strong>discreci\u00f3n, experiencia y atenci\u00f3n personalizada<\/strong>.<\/p><p>Lo que comienza como una colaboraci\u00f3n profesional, a menudo se transforma en una relaci\u00f3n de confianza a largo plazo, basada en resultados, excelencia y un enfoque verdaderamente personalizado dentro del sector inmobiliario de lujo.<\/p><\/li><\/ul>\t\t\t\t\t\t\t\t<\/div>\n\t\t\t\t<\/div>\n\t\t\t\t\t<\/div>\n\t\t<\/div>\n\t\t\t\t\t<\/div>\n\t\t<\/section>\n\t\t\t\t<\/div>\n\t\t","protected":false},"excerpt":{"rendered":"<p>Personal Shopper Inmobiliario de Lujo | Servicio Exclusivo con Discreci\u00f3n Servicio de Compra de Propiedades de Lujo con M\u00e1s de 15 A\u00f1os de Experiencia Ad\u00e9ntrate en el mundo del inmobiliario de lujo con un Personal Shopper Inmobiliario especializado en la b\u00fasqueda de propiedades exclusivas, villas de lujo y viviendas de alto standing. Con m\u00e1s de [&hellip;]<\/p>\n","protected":false},"author":1,"featured_media":0,"parent":0,"menu_order":0,"comment_status":"closed","ping_status":"closed","template":"","meta":{"_monsterinsights_skip_tracking":false,"_monsterinsights_sitenote_active":false,"_monsterinsights_sitenote_note":"","_monsterinsights_sitenote_category":0,"_uf_show_specific_survey":0,"_uf_disable_surveys":false,"_joinchat":[],"footnotes":""},"class_list":["post-25753","page","type-page","status-publish","hentry"],"_links":{"self":[{"href":"https:\/\/costablancaelite.com\/es\/wp-json\/wp\/v2\/pages\/25753","targetHints":{"allow":["GET"]}}],"collection":[{"href":"https:\/\/costablancaelite.com\/es\/wp-json\/wp\/v2\/pages"}],"about":[{"href":"https:\/\/costablancaelite.com\/es\/wp-json\/wp\/v2\/types\/page"}],"author":[{"embeddable":true,"href":"https:\/\/costablancaelite.com\/es\/wp-json\/wp\/v2\/users\/1"}],"replies":[{"embeddable":true,"href":"https:\/\/costablancaelite.com\/es\/wp-json\/wp\/v2\/comments?post=25753"}],"version-history":[{"count":34,"href":"https:\/\/costablancaelite.com\/es\/wp-json\/wp\/v2\/pages\/25753\/revisions"}],"predecessor-version":[{"id":85409,"href":"https:\/\/costablancaelite.com\/es\/wp-json\/wp\/v2\/pages\/25753\/revisions\/85409"}],"wp:attachment":[{"href":"https:\/\/costablancaelite.com\/es\/wp-json\/wp\/v2\/media?parent=25753"}],"curies":[{"name":"wp","href":"https:\/\/api.w.org\/{rel}","templated":true}]}}