{"id":788,"date":"2022-03-16T10:29:36","date_gmt":"2022-03-16T09:29:36","guid":{"rendered":"https:\/\/wordpress-668272-2504658.cloudwaysapps.com\/?page_id=788"},"modified":"2026-04-10T17:38:51","modified_gmt":"2026-04-10T15:38:51","slug":"quien-soy","status":"publish","type":"page","link":"https:\/\/costablancaelite.com\/es\/quien-soy\/","title":{"rendered":"Qui\u00e9n soy"},"content":{"rendered":"\t\t<div data-elementor-type=\"wp-page\" data-elementor-id=\"788\" class=\"elementor elementor-788\" data-elementor-post-type=\"page\">\n\t\t\t\t\t\t<section class=\"elementor-section elementor-top-section elementor-element elementor-element-a05a9c8 elementor-section-content-middle elementor-section-boxed elementor-section-height-default elementor-section-height-default\" data-id=\"a05a9c8\" data-element_type=\"section\" data-e-type=\"section\" data-settings=\"{&quot;jet_parallax_layout_list&quot;:[]}\">\n\t\t\t\t\t\t<div class=\"elementor-container elementor-column-gap-default\">\n\t\t\t\t\t<div class=\"elementor-column elementor-col-50 elementor-top-column elementor-element elementor-element-c7a4f54\" data-id=\"c7a4f54\" data-element_type=\"column\" data-e-type=\"column\">\n\t\t\t<div class=\"elementor-widget-wrap elementor-element-populated\">\n\t\t\t\t\t\t<div class=\"elementor-element elementor-element-59baac5 elementor-widget elementor-widget-image\" data-id=\"59baac5\" data-element_type=\"widget\" data-e-type=\"widget\" data-widget_type=\"image.default\">\n\t\t\t\t<div class=\"elementor-widget-container\">\n\t\t\t\t\t\t\t\t\t\t\t\t\t\t\t<img fetchpriority=\"high\" decoding=\"async\" width=\"1024\" height=\"1536\" src=\"https:\/\/costablancaelite.com\/wp-content\/uploads\/Conferencia-virtual-con-vista-al-mar.png\" class=\"attachment-large size-large wp-image-85530\" alt=\"\" srcset=\"https:\/\/costablancaelite.com\/wp-content\/uploads\/Conferencia-virtual-con-vista-al-mar.png 1024w, https:\/\/costablancaelite.com\/wp-content\/uploads\/Conferencia-virtual-con-vista-al-mar-768x1152.png 768w\" sizes=\"(max-width: 1024px) 100vw, 1024px\" title=\"\">\t\t\t\t\t\t\t\t\t\t\t\t\t\t\t<\/div>\n\t\t\t\t<\/div>\n\t\t\t\t\t<\/div>\n\t\t<\/div>\n\t\t\t\t<div class=\"elementor-column elementor-col-50 elementor-top-column elementor-element elementor-element-a761318\" data-id=\"a761318\" data-element_type=\"column\" data-e-type=\"column\">\n\t\t\t<div class=\"elementor-widget-wrap elementor-element-populated\">\n\t\t\t\t\t\t<div class=\"elementor-element elementor-element-38ad244 elementor-invisible elementor-widget elementor-widget-heading\" data-id=\"38ad244\" data-element_type=\"widget\" data-e-type=\"widget\" data-settings=\"{&quot;_animation&quot;:&quot;fadeIn&quot;}\" data-widget_type=\"heading.default\">\n\t\t\t\t<div class=\"elementor-widget-container\">\n\t\t\t\t\t<h2 class=\"elementor-heading-title elementor-size-default\">Seriedad, calidad y confianza\n<\/h2>\t\t\t\t<\/div>\n\t\t\t\t<\/div>\n\t\t\t\t<div class=\"elementor-element elementor-element-9d0ea2c elementor-widget elementor-widget-text-editor\" data-id=\"9d0ea2c\" data-element_type=\"widget\" data-e-type=\"widget\" data-widget_type=\"text-editor.default\">\n\t\t\t\t<div class=\"elementor-widget-container\">\n\t\t\t\t\t\t\t\t\t<h2 data-section-id=\"3m8bxb\" data-start=\"0\" data-end=\"64\">Atenci\u00f3n inmobiliaria de lujo con total confianza y discreci\u00f3n<\/h2><h2 data-section-id=\"12w6zww\" data-start=\"66\" data-end=\"127\">Un servicio exclusivo, flexible y totalmente personalizado<\/h2><p data-start=\"129\" data-end=\"305\">La compra o venta de una propiedad de alto nivel requiere algo m\u00e1s que un servicio inmobiliario convencional: requiere <strong data-start=\"248\" data-end=\"304\">discreci\u00f3n, elegancia y atenci\u00f3n absoluta al detalle<\/strong>.<\/p><p data-start=\"307\" data-end=\"606\">Trabajo con un enfoque <strong data-start=\"330\" data-end=\"377\">moderno, flexible y altamente personalizado<\/strong>, adapt\u00e1ndome a cada cliente y a cada situaci\u00f3n. Te atiendo de forma privada en las <strong data-start=\"461\" data-end=\"494\">oficinas de los constructores<\/strong>, en la propiedad o en tu lugar de alojamiento, garantizando siempre un entorno c\u00f3modo, reservado y profesional.<\/p><p data-start=\"608\" data-end=\"738\">Cada encuentro est\u00e1 dise\u00f1ado para ofrecerte una experiencia fluida, confidencial y alineada con el nivel de exigencia que mereces.<\/p><hr data-start=\"740\" data-end=\"743\" \/><h2 data-section-id=\"1xm5eil\" data-start=\"745\" data-end=\"822\">M\u00e1s de 15 a\u00f1os de experiencia: seriedad, calidad y m\u00e1xima confidencialidad<\/h2><p data-start=\"824\" data-end=\"1013\">Con m\u00e1s de <strong data-start=\"835\" data-end=\"895\">15 a\u00f1os de experiencia en el sector inmobiliario de lujo<\/strong>, te acompa\u00f1o en todo el proceso de <strong data-start=\"931\" data-end=\"975\">compra o venta de propiedades exclusivas<\/strong>, cuidando cada detalle con precisi\u00f3n.<\/p><p data-start=\"1015\" data-end=\"1234\">La <strong data-start=\"1018\" data-end=\"1068\">discreci\u00f3n, la profesionalidad y la excelencia<\/strong> son pilares fundamentales de mi trabajo. Entiendo la importancia de la privacidad en cada operaci\u00f3n, por lo que gestiono cada proceso con la m\u00e1xima confidencialidad.<\/p><p data-start=\"1236\" data-end=\"1401\">Me encargo personalmente de cada fase, asegurando un servicio impecable, donde cada decisi\u00f3n est\u00e1 pensada para proteger tus intereses y ofrecerte total tranquilidad.<\/p><hr data-start=\"1403\" data-end=\"1406\" \/><p>\u00a0<\/p>\t\t\t\t\t\t\t\t<\/div>\n\t\t\t\t<\/div>\n\t\t\t\t<div class=\"elementor-element elementor-element-58eb30d elementor-tablet-align-left elementor-mobile-align-center elementor-align-left elementor-invisible elementor-widget elementor-widget-button\" data-id=\"58eb30d\" data-element_type=\"widget\" data-e-type=\"widget\" data-settings=\"{&quot;_animation&quot;:&quot;fadeIn&quot;}\" data-widget_type=\"button.default\">\n\t\t\t\t<div class=\"elementor-widget-container\">\n\t\t\t\t\t\t\t\t\t<div class=\"elementor-button-wrapper\">\n\t\t\t\t\t<a class=\"elementor-button elementor-button-link elementor-size-sm\" href=\"https:\/\/costablancaelite.com\/contactar\/\">\n\t\t\t\t\t\t<span class=\"elementor-button-content-wrapper\">\n\t\t\t\t\t\t<span class=\"elementor-button-icon\">\n\t\t\t\t<i aria-hidden=\"true\" class=\"fas fa-angle-right\"><\/i>\t\t\t<\/span>\n\t\t\t\t\t\t\t\t\t<span class=\"elementor-button-text\">Contactar<\/span>\n\t\t\t\t\t<\/span>\n\t\t\t\t\t<\/a>\n\t\t\t\t<\/div>\n\t\t\t\t\t\t\t\t<\/div>\n\t\t\t\t<\/div>\n\t\t\t\t\t<\/div>\n\t\t<\/div>\n\t\t\t\t\t<\/div>\n\t\t<\/section>\n\t\t\t\t<section class=\"elementor-section elementor-top-section elementor-element elementor-element-3d6827a elementor-section-content-middle elementor-reverse-mobile elementor-section-boxed elementor-section-height-default elementor-section-height-default\" data-id=\"3d6827a\" data-element_type=\"section\" data-e-type=\"section\" data-settings=\"{&quot;jet_parallax_layout_list&quot;:[]}\">\n\t\t\t\t\t\t<div class=\"elementor-container elementor-column-gap-default\">\n\t\t\t\t\t<div class=\"elementor-column elementor-col-50 elementor-top-column elementor-element elementor-element-a7d938c\" data-id=\"a7d938c\" data-element_type=\"column\" data-e-type=\"column\">\n\t\t\t<div class=\"elementor-widget-wrap elementor-element-populated\">\n\t\t\t\t\t\t<div class=\"elementor-element elementor-element-3e6a98b elementor-invisible elementor-widget elementor-widget-heading\" data-id=\"3e6a98b\" data-element_type=\"widget\" data-e-type=\"widget\" data-settings=\"{&quot;_animation&quot;:&quot;fadeIn&quot;}\" data-widget_type=\"heading.default\">\n\t\t\t\t<div class=\"elementor-widget-container\">\n\t\t\t\t\t<h2 class=\"elementor-heading-title elementor-size-default\">Un servicio exclusivo\n<\/h2>\t\t\t\t<\/div>\n\t\t\t\t<\/div>\n\t\t\t\t<div class=\"elementor-element elementor-element-f3ace55 elementor-widget elementor-widget-text-editor\" data-id=\"f3ace55\" data-element_type=\"widget\" data-e-type=\"widget\" data-widget_type=\"text-editor.default\">\n\t\t\t\t<div class=\"elementor-widget-container\">\n\t\t\t\t\t\t\t\t\t<hr data-start=\"1248\" data-end=\"1251\" \/><h2 data-section-id=\"zoo1ue\" data-start=\"1408\" data-end=\"1473\">Un servicio inmobiliario de lujo con los mejores profesionales<\/h2><p data-start=\"1475\" data-end=\"1531\">Mi filosof\u00eda es clara: <strong data-start=\"1498\" data-end=\"1530\">solo trabajo con los mejores<\/strong>.<\/p><p data-start=\"1533\" data-end=\"1763\">Colaboro con una red consolidada de profesionales de alto nivel\u2014abogados, arquitectos, constructores y asesores especializados\u2014seleccionados cuidadosamente para garantizar un servicio a la altura de las propiedades que represento.<\/p><p data-start=\"1765\" data-end=\"1786\">Esto se traduce en:<\/p><ul data-start=\"1787\" data-end=\"1928\"><li data-section-id=\"1bjb43z\" data-start=\"1787\" data-end=\"1830\">Un <strong data-start=\"1792\" data-end=\"1828\">asesoramiento premium e integral<\/strong><\/li><li data-section-id=\"5yyht5\" data-start=\"1831\" data-end=\"1879\">Gesti\u00f3n eficiente y perfectamente coordinada<\/li><li data-section-id=\"13pp3qk\" data-start=\"1880\" data-end=\"1928\">Resultados que reflejan excelencia y calidad<\/li><\/ul><p data-start=\"1930\" data-end=\"2055\">Cada operaci\u00f3n se lleva a cabo con un est\u00e1ndar elevado, pensado para clientes que valoran tanto el resultado como el proceso.<\/p><hr data-start=\"1843\" data-end=\"1846\" \/>\t\t\t\t\t\t\t\t<\/div>\n\t\t\t\t<\/div>\n\t\t\t\t\t<\/div>\n\t\t<\/div>\n\t\t\t\t<div class=\"elementor-column elementor-col-50 elementor-top-column elementor-element elementor-element-5cc1d17\" data-id=\"5cc1d17\" data-element_type=\"column\" data-e-type=\"column\">\n\t\t\t<div class=\"elementor-widget-wrap elementor-element-populated\">\n\t\t\t\t\t\t<div class=\"elementor-element elementor-element-7ae2f47 elementor-widget elementor-widget-image\" data-id=\"7ae2f47\" data-element_type=\"widget\" data-e-type=\"widget\" data-widget_type=\"image.default\">\n\t\t\t\t<div class=\"elementor-widget-container\">\n\t\t\t\t\t\t\t\t\t\t\t\t\t\t\t<img decoding=\"async\" width=\"1024\" height=\"1536\" src=\"https:\/\/costablancaelite.com\/wp-content\/uploads\/Mujer-con-smartphone-junto-a-la-piscina.png\" class=\"attachment-large size-large wp-image-85536\" alt=\"\" srcset=\"https:\/\/costablancaelite.com\/wp-content\/uploads\/Mujer-con-smartphone-junto-a-la-piscina.png 1024w, https:\/\/costablancaelite.com\/wp-content\/uploads\/Mujer-con-smartphone-junto-a-la-piscina-768x1152.png 768w\" sizes=\"(max-width: 1024px) 100vw, 1024px\" title=\"\">\t\t\t\t\t\t\t\t\t\t\t\t\t\t\t<\/div>\n\t\t\t\t<\/div>\n\t\t\t\t\t<\/div>\n\t\t<\/div>\n\t\t\t\t\t<\/div>\n\t\t<\/section>\n\t\t\t\t<section class=\"elementor-section elementor-top-section elementor-element elementor-element-24bd7d7 elementor-section-content-middle elementor-section-boxed elementor-section-height-default elementor-section-height-default\" data-id=\"24bd7d7\" data-element_type=\"section\" data-e-type=\"section\" data-settings=\"{&quot;jet_parallax_layout_list&quot;:[]}\">\n\t\t\t\t\t\t<div class=\"elementor-container elementor-column-gap-default\">\n\t\t\t\t\t<div class=\"elementor-column elementor-col-100 elementor-top-column elementor-element elementor-element-b000d64\" data-id=\"b000d64\" data-element_type=\"column\" data-e-type=\"column\">\n\t\t\t<div class=\"elementor-widget-wrap elementor-element-populated\">\n\t\t\t\t\t\t<div class=\"elementor-element elementor-element-face18d elementor-invisible elementor-widget elementor-widget-heading\" data-id=\"face18d\" data-element_type=\"widget\" data-e-type=\"widget\" data-settings=\"{&quot;_animation&quot;:&quot;fadeIn&quot;}\" data-widget_type=\"heading.default\">\n\t\t\t\t<div class=\"elementor-widget-container\">\n\t\t\t\t\t<h2 class=\"elementor-heading-title elementor-size-default\">Una experiencia feliz y sin estr\u00e9s\n<\/h2>\t\t\t\t<\/div>\n\t\t\t\t<\/div>\n\t\t\t\t<div class=\"elementor-element elementor-element-0dcbcea elementor-widget elementor-widget-image\" data-id=\"0dcbcea\" data-element_type=\"widget\" data-e-type=\"widget\" data-widget_type=\"image.default\">\n\t\t\t\t<div class=\"elementor-widget-container\">\n\t\t\t\t\t\t\t\t\t\t\t\t\t\t\t<img decoding=\"async\" width=\"1536\" height=\"1024\" src=\"https:\/\/costablancaelite.com\/wp-content\/uploads\/Agente-inmobiliaria-muestra-casa-de-lujo.png\" class=\"attachment-large size-large wp-image-85548\" alt=\"\" srcset=\"https:\/\/costablancaelite.com\/wp-content\/uploads\/Agente-inmobiliaria-muestra-casa-de-lujo.png 1536w, https:\/\/costablancaelite.com\/wp-content\/uploads\/Agente-inmobiliaria-muestra-casa-de-lujo-768x512.png 768w\" sizes=\"(max-width: 1536px) 100vw, 1536px\" title=\"\">\t\t\t\t\t\t\t\t\t\t\t\t\t\t\t<\/div>\n\t\t\t\t<\/div>\n\t\t\t\t<div class=\"elementor-element elementor-element-6c97d44 elementor-widget elementor-widget-text-editor\" data-id=\"6c97d44\" data-element_type=\"widget\" data-e-type=\"widget\" data-widget_type=\"text-editor.default\">\n\t\t\t\t<div class=\"elementor-widget-container\">\n\t\t\t\t\t\t\t\t\t<h2 data-section-id=\"4aoma6\" data-start=\"2062\" data-end=\"2118\">Una experiencia elegante, sin estr\u00e9s y centrada en ti<\/h2><p data-start=\"2120\" data-end=\"2330\">Nada me satisface m\u00e1s que ofrecer una experiencia donde todo fluye con naturalidad:<br data-start=\"2203\" data-end=\"2206\" \/>\u2714 Encontrar la propiedad ideal en un entorno de total confianza<br data-start=\"2269\" data-end=\"2272\" \/>\u2714 Gestionar la venta con discreci\u00f3n y sin complicaciones<\/p><p data-start=\"2332\" data-end=\"2464\">Mi objetivo es que vivas una <strong data-start=\"2361\" data-end=\"2422\">experiencia inmobiliaria exclusiva, sencilla y sin estr\u00e9s<\/strong>, donde cada paso est\u00e1 cuidado al detalle.<\/p><p data-start=\"2466\" data-end=\"2587\">Trabajo bajo un compromiso firme:<br data-start=\"2499\" data-end=\"2502\" \/>\ud83d\udc49 Tus intereses, tu privacidad y tu tranquilidad est\u00e1n siempre por delante de todo<\/p><p data-start=\"2589\" data-end=\"2687\">Sigo un estricto c\u00f3digo \u00e9tico profesional, actuando con integridad, respeto y absoluta discreci\u00f3n.<\/p><p data-start=\"2689\" data-end=\"2887\" data-is-last-node=\"\" data-is-only-node=\"\">Por eso, muchos de mis clientes vuelven a confiar en m\u00ed.<br data-start=\"2745\" data-end=\"2748\" \/>Con el tiempo, la relaci\u00f3n profesional evoluciona hacia una confianza s\u00f3lida\u2026 basada en la excelencia, la cercan\u00eda y el trabajo bien hecho.<\/p>\t\t\t\t\t\t\t\t<\/div>\n\t\t\t\t<\/div>\n\t\t\t\t\t<\/div>\n\t\t<\/div>\n\t\t\t\t\t<\/div>\n\t\t<\/section>\n\t\t\t\t<\/div>\n\t\t","protected":false},"excerpt":{"rendered":"<p>Seriedad, calidad y confianza Atenci\u00f3n inmobiliaria de lujo con total confianza y discreci\u00f3n Un servicio exclusivo, flexible y totalmente personalizado La compra o venta de una propiedad de alto nivel requiere algo m\u00e1s que un servicio inmobiliario convencional: requiere discreci\u00f3n, elegancia y atenci\u00f3n absoluta al detalle. Trabajo con un enfoque moderno, flexible y altamente personalizado, [&hellip;]<\/p>\n","protected":false},"author":1,"featured_media":0,"parent":0,"menu_order":0,"comment_status":"closed","ping_status":"closed","template":"","meta":{"_monsterinsights_skip_tracking":false,"_monsterinsights_sitenote_active":false,"_monsterinsights_sitenote_note":"","_monsterinsights_sitenote_category":0,"_uf_show_specific_survey":0,"_uf_disable_surveys":false,"_joinchat":[],"footnotes":""},"class_list":["post-788","page","type-page","status-publish","hentry"],"_links":{"self":[{"href":"https:\/\/costablancaelite.com\/es\/wp-json\/wp\/v2\/pages\/788","targetHints":{"allow":["GET"]}}],"collection":[{"href":"https:\/\/costablancaelite.com\/es\/wp-json\/wp\/v2\/pages"}],"about":[{"href":"https:\/\/costablancaelite.com\/es\/wp-json\/wp\/v2\/types\/page"}],"author":[{"embeddable":true,"href":"https:\/\/costablancaelite.com\/es\/wp-json\/wp\/v2\/users\/1"}],"replies":[{"embeddable":true,"href":"https:\/\/costablancaelite.com\/es\/wp-json\/wp\/v2\/comments?post=788"}],"version-history":[{"count":56,"href":"https:\/\/costablancaelite.com\/es\/wp-json\/wp\/v2\/pages\/788\/revisions"}],"predecessor-version":[{"id":85559,"href":"https:\/\/costablancaelite.com\/es\/wp-json\/wp\/v2\/pages\/788\/revisions\/85559"}],"wp:attachment":[{"href":"https:\/\/costablancaelite.com\/es\/wp-json\/wp\/v2\/media?parent=788"}],"curies":[{"name":"wp","href":"https:\/\/api.w.org\/{rel}","templated":true}]}}