{"id":812,"date":"2022-05-10T14:06:22","date_gmt":"2022-05-10T12:06:22","guid":{"rendered":"https:\/\/test.costablancaelite.com\/?page_id=812"},"modified":"2026-04-10T19:18:24","modified_gmt":"2026-04-10T17:18:24","slug":"vender","status":"publish","type":"page","link":"https:\/\/costablancaelite.com\/es\/vender\/","title":{"rendered":"Vender"},"content":{"rendered":"\t\t<div data-elementor-type=\"wp-page\" data-elementor-id=\"812\" class=\"elementor elementor-812\" data-elementor-post-type=\"page\">\n\t\t\t\t\t\t<section class=\"elementor-section elementor-top-section elementor-element elementor-element-56b3018 elementor-section-height-min-height elementor-section-boxed elementor-section-height-default elementor-section-items-middle\" data-id=\"56b3018\" data-element_type=\"section\" data-e-type=\"section\" data-settings=\"{&quot;background_background&quot;:&quot;classic&quot;,&quot;jet_parallax_layout_list&quot;:[]}\">\n\t\t\t\t\t\t\t<div class=\"elementor-background-overlay\"><\/div>\n\t\t\t\t\t\t\t<div class=\"elementor-container elementor-column-gap-default\">\n\t\t\t\t\t<div class=\"elementor-column elementor-col-100 elementor-top-column elementor-element elementor-element-08f25e6\" data-id=\"08f25e6\" data-element_type=\"column\" data-e-type=\"column\">\n\t\t\t<div class=\"elementor-widget-wrap elementor-element-populated\">\n\t\t\t\t\t\t<div class=\"elementor-element elementor-element-b2ee69d elementor-widget-mobile__width-initial elementor-invisible elementor-widget elementor-widget-heading\" data-id=\"b2ee69d\" data-element_type=\"widget\" data-e-type=\"widget\" data-settings=\"{&quot;_animation&quot;:&quot;fadeIn&quot;}\" data-widget_type=\"heading.default\">\n\t\t\t\t<div class=\"elementor-widget-container\">\n\t\t\t\t\t<h1 class=\"elementor-heading-title elementor-size-default\">\u00bfQuieres vender tu casa?<\/h1>\t\t\t\t<\/div>\n\t\t\t\t<\/div>\n\t\t\t\t\t<\/div>\n\t\t<\/div>\n\t\t\t\t\t<\/div>\n\t\t<\/section>\n\t\t\t\t<section class=\"elementor-section elementor-top-section elementor-element elementor-element-593409b elementor-section-content-middle elementor-section-boxed elementor-section-height-default elementor-section-height-default\" data-id=\"593409b\" data-element_type=\"section\" data-e-type=\"section\" data-settings=\"{&quot;jet_parallax_layout_list&quot;:[]}\">\n\t\t\t\t\t\t\t<div class=\"elementor-background-overlay\"><\/div>\n\t\t\t\t\t\t\t<div class=\"elementor-container elementor-column-gap-default\">\n\t\t\t\t\t<div class=\"elementor-column elementor-col-100 elementor-top-column elementor-element elementor-element-22febd1\" data-id=\"22febd1\" data-element_type=\"column\" data-e-type=\"column\">\n\t\t\t<div class=\"elementor-widget-wrap elementor-element-populated\">\n\t\t\t\t\t\t<div class=\"elementor-element elementor-element-d5df075 elementor-widget-mobile__width-initial elementor-invisible elementor-widget elementor-widget-heading\" data-id=\"d5df075\" data-element_type=\"widget\" data-e-type=\"widget\" data-settings=\"{&quot;_animation&quot;:&quot;fadeIn&quot;}\" data-widget_type=\"heading.default\">\n\t\t\t\t<div class=\"elementor-widget-container\">\n\t\t\t\t\t<h2 class=\"elementor-heading-title elementor-size-default\">\u201cNo vendemos casas, <br>vendemos hogares\u201d\n<\/h2>\t\t\t\t<\/div>\n\t\t\t\t<\/div>\n\t\t\t\t\t<\/div>\n\t\t<\/div>\n\t\t\t\t\t<\/div>\n\t\t<\/section>\n\t\t\t\t<section class=\"elementor-section elementor-top-section elementor-element elementor-element-f4591a9 elementor-section-content-middle elementor-reverse-mobile elementor-section-boxed elementor-section-height-default elementor-section-height-default\" data-id=\"f4591a9\" data-element_type=\"section\" data-e-type=\"section\" data-settings=\"{&quot;jet_parallax_layout_list&quot;:[]}\">\n\t\t\t\t\t\t<div class=\"elementor-container elementor-column-gap-default\">\n\t\t\t\t\t<div class=\"elementor-column elementor-col-50 elementor-top-column elementor-element elementor-element-bffad9c\" data-id=\"bffad9c\" data-element_type=\"column\" data-e-type=\"column\">\n\t\t\t<div class=\"elementor-widget-wrap elementor-element-populated\">\n\t\t\t\t\t\t<div class=\"elementor-element elementor-element-e09ae35 elementor-invisible elementor-widget elementor-widget-heading\" data-id=\"e09ae35\" data-element_type=\"widget\" data-e-type=\"widget\" data-settings=\"{&quot;_animation&quot;:&quot;fadeIn&quot;}\" data-widget_type=\"heading.default\">\n\t\t\t\t<div class=\"elementor-widget-container\">\n\t\t\t\t\t<h2 class=\"elementor-heading-title elementor-size-default\">A tu lado en cada momento\n<\/h2>\t\t\t\t<\/div>\n\t\t\t\t<\/div>\n\t\t\t\t<div class=\"elementor-element elementor-element-7ebd644 elementor-widget elementor-widget-text-editor\" data-id=\"7ebd644\" data-element_type=\"widget\" data-e-type=\"widget\" data-widget_type=\"text-editor.default\">\n\t\t\t\t<div class=\"elementor-widget-container\">\n\t\t\t\t\t\t\t\t\t<p data-start=\"138\" data-end=\"572\">Una <strong data-start=\"142\" data-end=\"175\">venta exitosa de una vivienda<\/strong> comienza con una <strong data-start=\"193\" data-end=\"215\">valoraci\u00f3n precisa<\/strong> y un <strong data-start=\"221\" data-end=\"254\">plan de marketing estrat\u00e9gico<\/strong>. As\u00ed te aseguras de que tu propiedad llegue al comprador adecuado en el menor tiempo posible. Esto es especialmente importante cuando se trata de <strong data-start=\"401\" data-end=\"441\">viviendas de lujo en venta en Espa\u00f1a<\/strong>. En este mercado tan competitivo, la <strong data-start=\"479\" data-end=\"498\">profesionalidad<\/strong> es esencial para presentar con \u00e9xito tu <strong data-start=\"539\" data-end=\"571\">propiedad en venta en Espa\u00f1a<\/strong>.<\/p>\t\t\t\t\t\t\t\t<\/div>\n\t\t\t\t<\/div>\n\t\t\t\t\t<\/div>\n\t\t<\/div>\n\t\t\t\t<div class=\"elementor-column elementor-col-50 elementor-top-column elementor-element elementor-element-c2fe981\" data-id=\"c2fe981\" data-element_type=\"column\" data-e-type=\"column\">\n\t\t\t<div class=\"elementor-widget-wrap elementor-element-populated\">\n\t\t\t\t\t\t<div class=\"elementor-element elementor-element-4b544e7 elementor-widget elementor-widget-image\" data-id=\"4b544e7\" data-element_type=\"widget\" data-e-type=\"widget\" data-widget_type=\"image.default\">\n\t\t\t\t<div class=\"elementor-widget-container\">\n\t\t\t\t\t\t\t\t\t\t\t\t\t\t\t<img decoding=\"async\" src=\"https:\/\/costablancaelite.com\/wp-content\/uploads\/elementor\/thumbs\/B-telefono-con-clientes-rlt7v5np5swhxxagec49g012ydn3ndxzmxv56zspyo.png\" title=\"B telefono con clientes\" alt=\"B telefono con clientes\" loading=\"lazy\" \/>\t\t\t\t\t\t\t\t\t\t\t\t\t\t\t<\/div>\n\t\t\t\t<\/div>\n\t\t\t\t\t<\/div>\n\t\t<\/div>\n\t\t\t\t\t<\/div>\n\t\t<\/section>\n\t\t\t\t<section class=\"elementor-section elementor-top-section elementor-element elementor-element-1487af9 elementor-section-content-middle elementor-section-boxed elementor-section-height-default elementor-section-height-default\" data-id=\"1487af9\" data-element_type=\"section\" data-e-type=\"section\" data-settings=\"{&quot;jet_parallax_layout_list&quot;:[]}\">\n\t\t\t\t\t\t<div class=\"elementor-container elementor-column-gap-default\">\n\t\t\t\t\t<div class=\"elementor-column elementor-col-100 elementor-top-column elementor-element elementor-element-2a09f58\" data-id=\"2a09f58\" data-element_type=\"column\" data-e-type=\"column\">\n\t\t\t<div class=\"elementor-widget-wrap elementor-element-populated\">\n\t\t\t\t\t\t<div class=\"elementor-element elementor-element-117c765 elementor-invisible elementor-widget elementor-widget-heading\" data-id=\"117c765\" data-element_type=\"widget\" data-e-type=\"widget\" data-settings=\"{&quot;_animation&quot;:&quot;fadeIn&quot;}\" data-widget_type=\"heading.default\">\n\t\t\t\t<div class=\"elementor-widget-container\">\n\t\t\t\t\t<h3 class=\"elementor-heading-title elementor-size-default\">Desde Costablanca Elite, te acompa\u00f1o en cada uno de los pasos.\n<\/h3>\t\t\t\t<\/div>\n\t\t\t\t<\/div>\n\t\t\t\t<div class=\"elementor-element elementor-element-1dae7a8 elementor-widget elementor-widget-text-editor\" data-id=\"1dae7a8\" data-element_type=\"widget\" data-e-type=\"widget\" data-widget_type=\"text-editor.default\">\n\t\t\t\t<div class=\"elementor-widget-container\">\n\t\t\t\t\t\t\t\t\t<h3 data-start=\"228\" data-end=\"269\"><strong data-start=\"232\" data-end=\"269\">Determinaci\u00f3n del precio de venta<\/strong><\/h3><p data-start=\"271\" data-end=\"458\">Fijar el precio adecuado de venta requiere m\u00e1s an\u00e1lisis del que imaginas. Especialmente cuando se trata de <strong data-start=\"378\" data-end=\"418\">viviendas de lujo en venta en Espa\u00f1a<\/strong>, una valoraci\u00f3n precisa es fundamental:<\/p><ul data-start=\"460\" data-end=\"658\"><li data-start=\"460\" data-end=\"510\"><p data-start=\"462\" data-end=\"510\">Investigaci\u00f3n de mercado exhaustiva en tu zona<\/p><\/li><li data-start=\"511\" data-end=\"557\"><p data-start=\"513\" data-end=\"557\">Asesoramiento legal y fiscal personalizado<\/p><\/li><li data-start=\"558\" data-end=\"593\"><p data-start=\"560\" data-end=\"593\">Documentaci\u00f3n de venta completa<\/p><\/li><li data-start=\"594\" data-end=\"658\"><p data-start=\"596\" data-end=\"658\">Certificados vigentes de eficiencia energ\u00e9tica y habitabilidad<\/p><\/li><\/ul><hr data-start=\"660\" data-end=\"663\" \/><h3 data-start=\"665\" data-end=\"718\"><strong data-start=\"669\" data-end=\"718\">Un plan de marketing inmobiliario profesional<\/strong><\/h3><p data-start=\"720\" data-end=\"908\">Una presentaci\u00f3n atractiva aumenta la visibilidad y el atractivo de tu propiedad. Ya sea un apartamento o una <strong data-start=\"830\" data-end=\"858\">villa en venta en Espa\u00f1a<\/strong>, la forma en que se presenta marca la diferencia:<\/p><ul data-start=\"910\" data-end=\"1238\"><li data-start=\"910\" data-end=\"980\"><p data-start=\"912\" data-end=\"980\">Publicaci\u00f3n en portales inmobiliarios nacionales e internacionales<\/p><\/li><li data-start=\"981\" data-end=\"1037\"><p data-start=\"983\" data-end=\"1037\">Env\u00edo directo de la oferta a compradores interesados<\/p><\/li><li data-start=\"1038\" data-end=\"1108\"><p data-start=\"1040\" data-end=\"1108\"><strong data-start=\"1040\" data-end=\"1056\">Home Staging<\/strong> para maximizar el atractivo visual de la vivienda<\/p><\/li><li data-start=\"1109\" data-end=\"1152\"><p data-start=\"1111\" data-end=\"1152\">Reportaje profesional de fotos y v\u00eddeos<\/p><\/li><li data-start=\"1153\" data-end=\"1191\"><p data-start=\"1155\" data-end=\"1191\">Promoci\u00f3n activa en redes sociales<\/p><\/li><li data-start=\"1192\" data-end=\"1238\"><p data-start=\"1194\" data-end=\"1238\">Organizaci\u00f3n de jornadas de puertas abiertas<\/p><\/li><\/ul><hr data-start=\"1240\" data-end=\"1243\" \/><h3 data-start=\"1245\" data-end=\"1293\"><strong data-start=\"1249\" data-end=\"1293\">Acompa\u00f1amiento a compradores potenciales<\/strong><\/h3><p data-start=\"1295\" data-end=\"1421\">Acompa\u00f1o cada paso del proceso para facilitar la venta, algo esencial para cualquier tipo de <strong data-start=\"1388\" data-end=\"1420\">propiedad en venta en Espa\u00f1a<\/strong>:<\/p><ul data-start=\"1423\" data-end=\"1677\"><li data-start=\"1423\" data-end=\"1477\"><p data-start=\"1425\" data-end=\"1477\">Visitas personalizadas con compradores potenciales<\/p><\/li><li data-start=\"1478\" data-end=\"1528\"><p data-start=\"1480\" data-end=\"1528\">Negociaci\u00f3n profesional en representaci\u00f3n tuya<\/p><\/li><li data-start=\"1529\" data-end=\"1581\"><p data-start=\"1531\" data-end=\"1581\">Asesoramiento sobre financiaci\u00f3n si es necesario<\/p><\/li><li data-start=\"1582\" data-end=\"1633\"><p data-start=\"1584\" data-end=\"1633\">Verificaci\u00f3n de toda la documentaci\u00f3n requerida<\/p><\/li><li data-start=\"1634\" data-end=\"1677\"><p data-start=\"1636\" data-end=\"1677\">Redacci\u00f3n de contratos claros y completos<\/p><\/li><\/ul><hr data-start=\"1679\" data-end=\"1682\" \/><h3 data-start=\"1684\" data-end=\"1732\"><strong data-start=\"1688\" data-end=\"1732\">Contrato de compraventa y entrega segura<\/strong><\/h3><p data-start=\"1734\" data-end=\"1901\">Una transferencia segura y sin sorpresas es crucial. Tanto si se trata de un apartamento como de una <strong data-start=\"1835\" data-end=\"1862\">villa de lujo en Espa\u00f1a<\/strong>, la seguridad jur\u00eddica es prioritaria:<\/p><ul data-start=\"1903\" data-end=\"2074\"><li data-start=\"1903\" data-end=\"1956\"><p data-start=\"1905\" data-end=\"1956\">Asistencia legal incluida durante todo el proceso<\/p><\/li><li data-start=\"1957\" data-end=\"2021\"><p data-start=\"1959\" data-end=\"2021\">Revisi\u00f3n de toda la documentaci\u00f3n antes de la firma notarial<\/p><\/li><li data-start=\"2022\" data-end=\"2074\"><p data-start=\"2024\" data-end=\"2074\">Acompa\u00f1amiento personal durante el acto de entrega en Notaria<\/p><\/li><\/ul><hr data-start=\"2076\" data-end=\"2079\" \/><p data-start=\"2081\" data-end=\"2212\" data-is-last-node=\"\" data-is-only-node=\"\">\u00a0<\/p>\t\t\t\t\t\t\t\t<\/div>\n\t\t\t\t<\/div>\n\t\t\t\t\t<\/div>\n\t\t<\/div>\n\t\t\t\t\t<\/div>\n\t\t<\/section>\n\t\t\t\t<section class=\"elementor-section elementor-top-section elementor-element elementor-element-11a3ee7 elementor-section-content-middle elementor-reverse-mobile elementor-section-boxed elementor-section-height-default elementor-section-height-default\" data-id=\"11a3ee7\" data-element_type=\"section\" data-e-type=\"section\" data-settings=\"{&quot;jet_parallax_layout_list&quot;:[]}\">\n\t\t\t\t\t\t<div class=\"elementor-container elementor-column-gap-default\">\n\t\t\t\t\t<div class=\"elementor-column elementor-col-50 elementor-top-column elementor-element elementor-element-59186ee\" data-id=\"59186ee\" data-element_type=\"column\" data-e-type=\"column\">\n\t\t\t<div class=\"elementor-widget-wrap elementor-element-populated\">\n\t\t\t\t\t\t<div class=\"elementor-element elementor-element-83160b9 elementor-invisible elementor-widget elementor-widget-heading\" data-id=\"83160b9\" data-element_type=\"widget\" data-e-type=\"widget\" data-settings=\"{&quot;_animation&quot;:&quot;fadeIn&quot;}\" data-widget_type=\"heading.default\">\n\t\t\t\t<div class=\"elementor-widget-container\">\n\t\t\t\t\t<h2 class=\"elementor-heading-title elementor-size-default\">Home staging\n<\/h2>\t\t\t\t<\/div>\n\t\t\t\t<\/div>\n\t\t\t\t<div class=\"elementor-element elementor-element-b33b8cd elementor-widget elementor-widget-text-editor\" data-id=\"b33b8cd\" data-element_type=\"widget\" data-e-type=\"widget\" data-widget_type=\"text-editor.default\">\n\t\t\t\t<div class=\"elementor-widget-container\">\n\t\t\t\t\t\t\t\t\t<h3 data-start=\"147\" data-end=\"196\"><strong data-start=\"151\" data-end=\"196\">Home Staging: la primera impresi\u00f3n cuenta<\/strong><\/h3><p data-start=\"198\" data-end=\"608\">El <strong data-start=\"201\" data-end=\"217\">Home Staging<\/strong> es un conjunto de t\u00e9cnicas que convierte tu vivienda en un espacio m\u00e1s neutro, acogedor y atractivo. De este modo, m\u00e1s visitantes se sienten como en casa, y la probabilidad de venta se multiplica por ocho. Los interesados permanecen m\u00e1s tiempo durante la visita y toman decisiones con mayor rapidez. Especialmente en una <strong data-start=\"539\" data-end=\"570\">vivienda en venta en Espa\u00f1a<\/strong>, la <strong data-start=\"575\" data-end=\"607\">primera impresi\u00f3n lo es todo<\/strong>.<\/p><hr data-start=\"610\" data-end=\"613\" \/><h3 data-start=\"615\" data-end=\"665\"><strong data-start=\"619\" data-end=\"665\">Colaboraci\u00f3n con los mejores profesionales<\/strong><\/h3><p data-start=\"667\" data-end=\"1053\">Gracias a una red consolidada de los <strong data-start=\"704\" data-end=\"753\">mejores especialistas del sector inmobiliario<\/strong>, me aseguro de que tu propiedad \u2014 ya sea un apartamento o una <strong data-start=\"816\" data-end=\"844\">villa en venta en Espa\u00f1a<\/strong> \u2014 se presente de forma \u00f3ptima y se venda al <strong data-start=\"889\" data-end=\"913\">mejor precio posible<\/strong>. Esto es clave para posicionar correctamente cualquier <strong data-start=\"969\" data-end=\"1008\">vivienda de lujo en venta en Espa\u00f1a<\/strong> dentro de un mercado competitivo y exigente.<\/p>\t\t\t\t\t\t\t\t<\/div>\n\t\t\t\t<\/div>\n\t\t\t\t\t<\/div>\n\t\t<\/div>\n\t\t\t\t<div class=\"elementor-column elementor-col-50 elementor-top-column elementor-element elementor-element-46891ae\" data-id=\"46891ae\" data-element_type=\"column\" data-e-type=\"column\">\n\t\t\t<div class=\"elementor-widget-wrap elementor-element-populated\">\n\t\t\t\t\t\t<div class=\"elementor-element elementor-element-5710334 elementor-widget elementor-widget-image\" data-id=\"5710334\" data-element_type=\"widget\" data-e-type=\"widget\" data-widget_type=\"image.default\">\n\t\t\t\t<div class=\"elementor-widget-container\">\n\t\t\t\t\t\t\t\t\t\t\t\t\t\t\t<img decoding=\"async\" src=\"https:\/\/costablancaelite.com\/wp-content\/uploads\/elementor\/thumbs\/a-tu-lado-01-reqg9idy08lgm2qry8d8o6h1w58fotkp3blaz1hh0w.jpg\" title=\"a tu lado 01\" alt=\"a tu lado 01\" loading=\"lazy\" \/>\t\t\t\t\t\t\t\t\t\t\t\t\t\t\t<\/div>\n\t\t\t\t<\/div>\n\t\t\t\t\t<\/div>\n\t\t<\/div>\n\t\t\t\t\t<\/div>\n\t\t<\/section>\n\t\t\t\t<section class=\"elementor-section elementor-top-section elementor-element elementor-element-4410036 elementor-section-content-middle elementor-section-boxed elementor-section-height-default elementor-section-height-default\" data-id=\"4410036\" data-element_type=\"section\" data-e-type=\"section\" data-settings=\"{&quot;jet_parallax_layout_list&quot;:[]}\">\n\t\t\t\t\t\t<div class=\"elementor-container elementor-column-gap-default\">\n\t\t\t\t\t<div class=\"elementor-column elementor-col-50 elementor-top-column elementor-element elementor-element-a580a20\" data-id=\"a580a20\" data-element_type=\"column\" data-e-type=\"column\">\n\t\t\t<div class=\"elementor-widget-wrap elementor-element-populated\">\n\t\t\t\t\t\t<div class=\"elementor-element elementor-element-30d6b77 elementor-widget elementor-widget-image\" data-id=\"30d6b77\" data-element_type=\"widget\" data-e-type=\"widget\" data-widget_type=\"image.default\">\n\t\t\t\t<div class=\"elementor-widget-container\">\n\t\t\t\t\t\t\t\t\t\t\t\t\t\t\t<img decoding=\"async\" src=\"https:\/\/costablancaelite.com\/wp-content\/uploads\/elementor\/thumbs\/a-tu-lado-02-reqg9k9mdwo19ao1n96ht5zz2wz647s5rkw9xleoog.jpg\" title=\"a tu lado 02\" alt=\"a tu lado 02\" loading=\"lazy\" \/>\t\t\t\t\t\t\t\t\t\t\t\t\t\t\t<\/div>\n\t\t\t\t<\/div>\n\t\t\t\t\t<\/div>\n\t\t<\/div>\n\t\t\t\t<div class=\"elementor-column elementor-col-50 elementor-top-column elementor-element elementor-element-6e807d1\" data-id=\"6e807d1\" data-element_type=\"column\" data-e-type=\"column\">\n\t\t\t<div class=\"elementor-widget-wrap elementor-element-populated\">\n\t\t\t\t\t\t<div class=\"elementor-element elementor-element-8f82eb4 elementor-invisible elementor-widget elementor-widget-heading\" data-id=\"8f82eb4\" data-element_type=\"widget\" data-e-type=\"widget\" data-settings=\"{&quot;_animation&quot;:&quot;fadeIn&quot;}\" data-widget_type=\"heading.default\">\n\t\t\t\t<div class=\"elementor-widget-container\">\n\t\t\t\t\t<h2 class=\"elementor-heading-title elementor-size-default\">Vendemos tu casa en tiempo r\u00e9cord<\/h2>\t\t\t\t<\/div>\n\t\t\t\t<\/div>\n\t\t\t\t<div class=\"elementor-element elementor-element-286fa99 elementor-widget elementor-widget-text-editor\" data-id=\"286fa99\" data-element_type=\"widget\" data-e-type=\"widget\" data-widget_type=\"text-editor.default\">\n\t\t\t\t<div class=\"elementor-widget-container\">\n\t\t\t\t\t\t\t\t\t<h3 data-start=\"147\" data-end=\"222\"><strong data-start=\"151\" data-end=\"222\">Con el plan premium, tu vivienda se vende en un promedio de 68 d\u00edas<\/strong><\/h3><p data-start=\"224\" data-end=\"520\">Gracias a mi amplia experiencia, s\u00e9 exactamente lo que se necesita para obtener resultados reales. Ya se trate de <strong data-start=\"338\" data-end=\"378\">viviendas de lujo en venta en Espa\u00f1a<\/strong>, de <strong data-start=\"383\" data-end=\"414\">comprar una villa en Espa\u00f1a<\/strong> o de cualquier <strong data-start=\"430\" data-end=\"462\">propiedad en venta en Espa\u00f1a<\/strong>, te ofrezco una estrategia eficaz que realmente funciona.\u00a0<\/p>\t\t\t\t\t\t\t\t<\/div>\n\t\t\t\t<\/div>\n\t\t\t\t\t<\/div>\n\t\t<\/div>\n\t\t\t\t\t<\/div>\n\t\t<\/section>\n\t\t\t\t<\/div>\n\t\t","protected":false},"excerpt":{"rendered":"<p>\u00bfQuieres vender tu casa? \u201cNo vendemos casas, vendemos hogares\u201d A tu lado en cada momento Una venta exitosa de una vivienda comienza con una valoraci\u00f3n precisa y un plan de marketing estrat\u00e9gico. As\u00ed te aseguras de que tu propiedad llegue al comprador adecuado en el menor tiempo posible. Esto es especialmente importante cuando se trata [&hellip;]<\/p>\n","protected":false},"author":1,"featured_media":0,"parent":0,"menu_order":0,"comment_status":"closed","ping_status":"closed","template":"","meta":{"_monsterinsights_skip_tracking":false,"_monsterinsights_sitenote_active":false,"_monsterinsights_sitenote_note":"","_monsterinsights_sitenote_category":0,"_uf_show_specific_survey":0,"_uf_disable_surveys":false,"_joinchat":[],"footnotes":""},"class_list":["post-812","page","type-page","status-publish","hentry"],"_links":{"self":[{"href":"https:\/\/costablancaelite.com\/es\/wp-json\/wp\/v2\/pages\/812","targetHints":{"allow":["GET"]}}],"collection":[{"href":"https:\/\/costablancaelite.com\/es\/wp-json\/wp\/v2\/pages"}],"about":[{"href":"https:\/\/costablancaelite.com\/es\/wp-json\/wp\/v2\/types\/page"}],"author":[{"embeddable":true,"href":"https:\/\/costablancaelite.com\/es\/wp-json\/wp\/v2\/users\/1"}],"replies":[{"embeddable":true,"href":"https:\/\/costablancaelite.com\/es\/wp-json\/wp\/v2\/comments?post=812"}],"version-history":[{"count":67,"href":"https:\/\/costablancaelite.com\/es\/wp-json\/wp\/v2\/pages\/812\/revisions"}],"predecessor-version":[{"id":85597,"href":"https:\/\/costablancaelite.com\/es\/wp-json\/wp\/v2\/pages\/812\/revisions\/85597"}],"wp:attachment":[{"href":"https:\/\/costablancaelite.com\/es\/wp-json\/wp\/v2\/media?parent=812"}],"curies":[{"name":"wp","href":"https:\/\/api.w.org\/{rel}","templated":true}]}}