{"id":828,"date":"2022-05-10T14:12:26","date_gmt":"2022-05-10T12:12:26","guid":{"rendered":"https:\/\/test.costablancaelite.com\/?page_id=828"},"modified":"2025-06-19T12:14:46","modified_gmt":"2025-06-19T10:14:46","slug":"comprar","status":"publish","type":"page","link":"https:\/\/costablancaelite.com\/es\/comprar\/","title":{"rendered":"Comprar"},"content":{"rendered":"\t\t<div data-elementor-type=\"wp-page\" data-elementor-id=\"828\" class=\"elementor elementor-828\" data-elementor-post-type=\"page\">\n\t\t\t\t\t\t<section class=\"elementor-section elementor-top-section elementor-element elementor-element-d657c16 elementor-section-height-min-height elementor-section-boxed elementor-section-height-default elementor-section-items-middle\" data-id=\"d657c16\" data-element_type=\"section\" data-e-type=\"section\" data-settings=\"{&quot;background_background&quot;:&quot;classic&quot;,&quot;jet_parallax_layout_list&quot;:[]}\">\n\t\t\t\t\t\t\t<div class=\"elementor-background-overlay\"><\/div>\n\t\t\t\t\t\t\t<div class=\"elementor-container elementor-column-gap-default\">\n\t\t\t\t\t<div class=\"elementor-column elementor-col-100 elementor-top-column elementor-element elementor-element-d39e084\" data-id=\"d39e084\" data-element_type=\"column\" data-e-type=\"column\">\n\t\t\t<div class=\"elementor-widget-wrap elementor-element-populated\">\n\t\t\t\t\t\t<div class=\"elementor-element elementor-element-7aebc6f elementor-widget-mobile__width-initial elementor-invisible elementor-widget elementor-widget-heading\" data-id=\"7aebc6f\" data-element_type=\"widget\" data-e-type=\"widget\" data-settings=\"{&quot;_animation&quot;:&quot;fadeIn&quot;}\" data-widget_type=\"heading.default\">\n\t\t\t\t<div class=\"elementor-widget-container\">\n\t\t\t\t\t<h1 class=\"elementor-heading-title elementor-size-default\">Compra tu casa<\/h1>\t\t\t\t<\/div>\n\t\t\t\t<\/div>\n\t\t\t\t\t<\/div>\n\t\t<\/div>\n\t\t\t\t\t<\/div>\n\t\t<\/section>\n\t\t\t\t<section class=\"elementor-section elementor-top-section elementor-element elementor-element-784dc97 elementor-section-content-middle elementor-section-boxed elementor-section-height-default elementor-section-height-default\" data-id=\"784dc97\" data-element_type=\"section\" data-e-type=\"section\" data-settings=\"{&quot;jet_parallax_layout_list&quot;:[]}\">\n\t\t\t\t\t\t\t<div class=\"elementor-background-overlay\"><\/div>\n\t\t\t\t\t\t\t<div class=\"elementor-container elementor-column-gap-default\">\n\t\t\t\t\t<div class=\"elementor-column elementor-col-100 elementor-top-column elementor-element elementor-element-38bc67f\" data-id=\"38bc67f\" data-element_type=\"column\" data-e-type=\"column\">\n\t\t\t<div class=\"elementor-widget-wrap elementor-element-populated\">\n\t\t\t\t\t\t<div class=\"elementor-element elementor-element-3b94def elementor-widget-mobile__width-initial elementor-invisible elementor-widget elementor-widget-heading\" data-id=\"3b94def\" data-element_type=\"widget\" data-e-type=\"widget\" data-settings=\"{&quot;_animation&quot;:&quot;fadeIn&quot;}\" data-widget_type=\"heading.default\">\n\t\t\t\t<div class=\"elementor-widget-container\">\n\t\t\t\t\t<h2 class=\"elementor-heading-title elementor-size-default\">\u201cCada persona tiene un hogar esper\u00e1ndole, y cada hogar espera su propio due\u00f1o para hacerle feliz\u201d<\/h2>\t\t\t\t<\/div>\n\t\t\t\t<\/div>\n\t\t\t\t\t<\/div>\n\t\t<\/div>\n\t\t\t\t\t<\/div>\n\t\t<\/section>\n\t\t\t\t<section class=\"elementor-section elementor-top-section elementor-element elementor-element-0e6dd88 elementor-section-content-middle elementor-reverse-mobile elementor-section-boxed elementor-section-height-default elementor-section-height-default\" data-id=\"0e6dd88\" data-element_type=\"section\" data-e-type=\"section\" data-settings=\"{&quot;jet_parallax_layout_list&quot;:[]}\">\n\t\t\t\t\t\t<div class=\"elementor-container elementor-column-gap-default\">\n\t\t\t\t\t<div class=\"elementor-column elementor-col-50 elementor-top-column elementor-element elementor-element-4b6c6e2\" data-id=\"4b6c6e2\" data-element_type=\"column\" data-e-type=\"column\">\n\t\t\t<div class=\"elementor-widget-wrap elementor-element-populated\">\n\t\t\t\t\t\t<div class=\"elementor-element elementor-element-25e7dcc elementor-invisible elementor-widget elementor-widget-heading\" data-id=\"25e7dcc\" data-element_type=\"widget\" data-e-type=\"widget\" data-settings=\"{&quot;_animation&quot;:&quot;fadeIn&quot;}\" data-widget_type=\"heading.default\">\n\t\t\t\t<div class=\"elementor-widget-container\">\n\t\t\t\t\t<h2 class=\"elementor-heading-title elementor-size-default\">Contigo en cada uno de los pasos.\n<\/h2>\t\t\t\t<\/div>\n\t\t\t\t<\/div>\n\t\t\t\t<div class=\"elementor-element elementor-element-20fa149 elementor-widget elementor-widget-text-editor\" data-id=\"20fa149\" data-element_type=\"widget\" data-e-type=\"widget\" data-widget_type=\"text-editor.default\">\n\t\t\t\t<div class=\"elementor-widget-container\">\n\t\t\t\t\t\t\t\t\t<p data-start=\"116\" data-end=\"507\">Tu b\u00fasqueda de una <strong data-start=\"135\" data-end=\"165\">vivienda de lujo en Espa\u00f1a<\/strong> no comienza solo con encontrar la casa adecuada, sino sobre todo con encontrar el acompa\u00f1amiento adecuado. Desde el primer momento en que decides <strong data-start=\"312\" data-end=\"343\">comprar una villa en Espa\u00f1a<\/strong>, estoy aqu\u00ed para guiarte \u2014 paso a paso. Juntos descubrimos los lugares m\u00e1s bonitos de la <strong data-start=\"433\" data-end=\"449\">Costa Blanca<\/strong>, hasta que encuentres <strong data-start=\"472\" data-end=\"506\">tu casa de ensue\u00f1o en la costa<\/strong>.<\/p><p data-start=\"509\" data-end=\"700\">Y mi trabajo no termina en la notar\u00eda. Al contrario: ah\u00ed es donde realmente comienza. Me aseguro de que puedas empezar tu nueva vida sin preocupaciones en tu <strong data-start=\"667\" data-end=\"699\">exclusiva vivienda en Espa\u00f1a<\/strong>.<\/p>\t\t\t\t\t\t\t\t<\/div>\n\t\t\t\t<\/div>\n\t\t\t\t\t<\/div>\n\t\t<\/div>\n\t\t\t\t<div class=\"elementor-column elementor-col-50 elementor-top-column elementor-element elementor-element-b946a77\" data-id=\"b946a77\" data-element_type=\"column\" data-e-type=\"column\">\n\t\t\t<div class=\"elementor-widget-wrap elementor-element-populated\">\n\t\t\t\t\t\t<div class=\"elementor-element elementor-element-a614d27 elementor-widget elementor-widget-image\" data-id=\"a614d27\" data-element_type=\"widget\" data-e-type=\"widget\" data-widget_type=\"image.default\">\n\t\t\t\t<div class=\"elementor-widget-container\">\n\t\t\t\t\t\t\t\t\t\t\t\t\t\t\t<img decoding=\"async\" src=\"https:\/\/costablancaelite.com\/wp-content\/uploads\/elementor\/thumbs\/1-7-67-reqesvfba8jeg77bbh9d1gnsbcogn0ltusefh7j5gw.jpg\" title=\"1-7\" alt=\"1-7\" loading=\"lazy\" \/>\t\t\t\t\t\t\t\t\t\t\t\t\t\t\t<\/div>\n\t\t\t\t<\/div>\n\t\t\t\t\t<\/div>\n\t\t<\/div>\n\t\t\t\t\t<\/div>\n\t\t<\/section>\n\t\t\t\t<section class=\"elementor-section elementor-top-section elementor-element elementor-element-ef999f7 elementor-section-content-middle elementor-reverse-tablet elementor-section-boxed elementor-section-height-default elementor-section-height-default\" data-id=\"ef999f7\" data-element_type=\"section\" data-e-type=\"section\" data-settings=\"{&quot;jet_parallax_layout_list&quot;:[]}\">\n\t\t\t\t\t\t<div class=\"elementor-container elementor-column-gap-default\">\n\t\t\t\t\t<div class=\"elementor-column elementor-col-50 elementor-top-column elementor-element elementor-element-6d6db4e\" data-id=\"6d6db4e\" data-element_type=\"column\" data-e-type=\"column\">\n\t\t\t<div class=\"elementor-widget-wrap elementor-element-populated\">\n\t\t\t\t\t\t<div class=\"elementor-element elementor-element-20f1418 elementor-widget elementor-widget-image\" data-id=\"20f1418\" data-element_type=\"widget\" data-e-type=\"widget\" data-widget_type=\"image.default\">\n\t\t\t\t<div class=\"elementor-widget-container\">\n\t\t\t\t\t\t\t\t\t\t\t\t\t\t\t<img decoding=\"async\" src=\"https:\/\/costablancaelite.com\/wp-content\/uploads\/elementor\/thumbs\/4081D3-reqf0hw6puz4mc4msrwf9jedrv3n2mvg8iw7m08700.jpeg\" title=\"4081d3\" alt=\"4081d3\" loading=\"lazy\" \/>\t\t\t\t\t\t\t\t\t\t\t\t\t\t\t<\/div>\n\t\t\t\t<\/div>\n\t\t\t\t\t<\/div>\n\t\t<\/div>\n\t\t\t\t<div class=\"elementor-column elementor-col-50 elementor-top-column elementor-element elementor-element-8a4b557\" data-id=\"8a4b557\" data-element_type=\"column\" data-e-type=\"column\">\n\t\t\t<div class=\"elementor-widget-wrap elementor-element-populated\">\n\t\t\t\t\t\t<div class=\"elementor-element elementor-element-ee91d28 elementor-invisible elementor-widget elementor-widget-heading\" data-id=\"ee91d28\" data-element_type=\"widget\" data-e-type=\"widget\" data-settings=\"{&quot;_animation&quot;:&quot;fadeIn&quot;}\" data-widget_type=\"heading.default\">\n\t\t\t\t<div class=\"elementor-widget-container\">\n\t\t\t\t\t<h2 class=\"elementor-heading-title elementor-size-default\">Tu vivienda so\u00f1ada \n<\/h2>\t\t\t\t<\/div>\n\t\t\t\t<\/div>\n\t\t\t\t<div class=\"elementor-element elementor-element-4756e44 elementor-widget elementor-widget-text-editor\" data-id=\"4756e44\" data-element_type=\"widget\" data-e-type=\"widget\" data-widget_type=\"text-editor.default\">\n\t\t\t\t<div class=\"elementor-widget-container\">\n\t\t\t\t\t\t\t\t\t<p data-start=\"117\" data-end=\"370\"><strong data-start=\"117\" data-end=\"166\">Desde la selecci\u00f3n hasta la entrega de llaves<\/strong><br data-start=\"166\" data-end=\"169\" \/>Una vez que hemos hecho la selecci\u00f3n, comenzamos juntos el recorrido. Visitamos cada propiedad con atenci\u00f3n, analizamos los pros y los contras, y valoramos cu\u00e1l puede convertirse en <strong data-start=\"351\" data-end=\"369\">tu hogar ideal<\/strong>.<\/p><p data-start=\"372\" data-end=\"596\">En cuanto encuentres <strong data-start=\"393\" data-end=\"432\">tu villa de lujo en la Costa Blanca<\/strong>, me encargo de las negociaciones por ti. Me ocupo de conseguir el <strong data-start=\"499\" data-end=\"533\">mejor precio de compra posible<\/strong>, siempre pensando en tu inter\u00e9s y en el valor de tu inversi\u00f3n.<\/p>\t\t\t\t\t\t\t\t<\/div>\n\t\t\t\t<\/div>\n\t\t\t\t\t<\/div>\n\t\t<\/div>\n\t\t\t\t\t<\/div>\n\t\t<\/section>\n\t\t\t\t<section class=\"elementor-section elementor-top-section elementor-element elementor-element-82e88df elementor-section-content-middle elementor-section-boxed elementor-section-height-default elementor-section-height-default\" data-id=\"82e88df\" data-element_type=\"section\" data-e-type=\"section\" data-settings=\"{&quot;jet_parallax_layout_list&quot;:[]}\">\n\t\t\t\t\t\t<div class=\"elementor-container elementor-column-gap-default\">\n\t\t\t\t\t<div class=\"elementor-column elementor-col-100 elementor-top-column elementor-element elementor-element-c493eb0\" data-id=\"c493eb0\" data-element_type=\"column\" data-e-type=\"column\">\n\t\t\t<div class=\"elementor-widget-wrap elementor-element-populated\">\n\t\t\t\t\t\t<div class=\"elementor-element elementor-element-8be11f9 elementor-invisible elementor-widget elementor-widget-heading\" data-id=\"8be11f9\" data-element_type=\"widget\" data-e-type=\"widget\" data-settings=\"{&quot;_animation&quot;:&quot;fadeIn&quot;}\" data-widget_type=\"heading.default\">\n\t\t\t\t<div class=\"elementor-widget-container\">\n\t\t\t\t\t<h3 class=\"elementor-heading-title elementor-size-default\">\u201cComprar una vivienda es una de las decisiones m\u00e1s importantes que se toma en la vida.\u201d \n<\/h3>\t\t\t\t<\/div>\n\t\t\t\t<\/div>\n\t\t\t\t<div class=\"elementor-element elementor-element-94b16a2 elementor-widget elementor-widget-text-editor\" data-id=\"94b16a2\" data-element_type=\"widget\" data-e-type=\"widget\" data-widget_type=\"text-editor.default\">\n\t\t\t\t<div class=\"elementor-widget-container\">\n\t\t\t\t\t\t\t\t\t<hr data-start=\"207\" data-end=\"210\" \/><h3 data-start=\"212\" data-end=\"265\"><strong data-start=\"216\" data-end=\"265\">Desde la selecci\u00f3n hasta la entrega de llaves<\/strong><\/h3><p data-start=\"267\" data-end=\"468\">Una vez realizada la selecci\u00f3n, comenzamos juntos las visitas. Analizamos cada propiedad con atenci\u00f3n, comentamos los puntos fuertes y d\u00e9biles, y evaluamos cu\u00e1l puede convertirse en <strong data-start=\"449\" data-end=\"467\">tu hogar ideal<\/strong>.<\/p><p data-start=\"470\" data-end=\"705\">En cuanto encuentres <strong data-start=\"491\" data-end=\"530\">tu villa de lujo en la Costa Blanca<\/strong>, me ocupo personalmente de las negociaciones. Me aseguro de conseguir el <strong data-start=\"604\" data-end=\"638\">mejor precio de compra posible<\/strong>, siempre velando por tus intereses y por el valor de tu inversi\u00f3n.<\/p><hr data-start=\"707\" data-end=\"710\" \/><h3 data-start=\"712\" data-end=\"761\"><strong data-start=\"716\" data-end=\"761\">Acompa\u00f1amiento completo durante la compra<\/strong><\/h3><p data-start=\"763\" data-end=\"787\">A partir de ese momento:<\/p><ul data-start=\"789\" data-end=\"1238\"><li data-start=\"789\" data-end=\"858\"><p data-start=\"791\" data-end=\"858\">Gestiono, junto a mi equipo jur\u00eddico, la <strong data-start=\"832\" data-end=\"858\">reserva de tu vivienda<\/strong><\/p><\/li><li data-start=\"859\" data-end=\"928\"><p data-start=\"861\" data-end=\"928\">Te acompa\u00f1o en la redacci\u00f3n y firma del <strong data-start=\"901\" data-end=\"928\">contrato de compraventa<\/strong><\/p><\/li><li data-start=\"929\" data-end=\"995\"><p data-start=\"931\" data-end=\"995\">Te asesoro, si lo necesitas, en la <strong data-start=\"966\" data-end=\"995\">solicitud de financiaci\u00f3n<\/strong><\/p><\/li><li data-start=\"996\" data-end=\"1077\"><p data-start=\"998\" data-end=\"1077\">Mis socios legales verifican que la <strong data-start=\"1034\" data-end=\"1077\">propiedad est\u00e9 libre de deudas o cargas<\/strong><\/p><\/li><li data-start=\"1078\" data-end=\"1155\"><p data-start=\"1080\" data-end=\"1155\">Nos encargamos juntos de toda la <strong data-start=\"1113\" data-end=\"1155\">documentaci\u00f3n necesaria para la compra<\/strong><\/p><\/li><li data-start=\"1156\" data-end=\"1238\"><p data-start=\"1158\" data-end=\"1238\">\u00bfA\u00fan no tienes <strong data-start=\"1173\" data-end=\"1180\">NIE<\/strong> o <strong data-start=\"1183\" data-end=\"1212\">cuenta bancaria en Espa\u00f1a<\/strong>? Tambi\u00e9n te ayudo con eso<\/p><\/li><\/ul><hr data-start=\"1240\" data-end=\"1243\" \/><h3 data-start=\"1245\" data-end=\"1280\"><strong data-start=\"1249\" data-end=\"1278\">Y entonces\u2026 \u00a1enhorabuena!<\/strong><\/h3><p data-start=\"1281\" data-end=\"1494\">Te conviertes oficialmente en propietario de <strong data-start=\"1326\" data-end=\"1357\">tu nueva vivienda en Espa\u00f1a<\/strong>: una <strong data-start=\"1363\" data-end=\"1398\">exclusiva villa con gran jard\u00edn<\/strong>, <strong data-start=\"1400\" data-end=\"1419\">piscina privada<\/strong>, <strong data-start=\"1421\" data-end=\"1438\">vistas al mar<\/strong> o rodeada de naturaleza en la hermosa <strong data-start=\"1477\" data-end=\"1493\">Costa Blanca<\/strong>.<\/p><hr data-start=\"1496\" data-end=\"1499\" \/><h3 data-start=\"1501\" data-end=\"1551\"><strong data-start=\"1505\" data-end=\"1549\">Tu asesor inmobiliario en lujo en Espa\u00f1a<\/strong><\/h3><p data-start=\"1552\" data-end=\"1884\">Con una red s\u00f3lida de contactos, <strong data-start=\"1585\" data-end=\"1606\">experiencia legal<\/strong> y una verdadera pasi\u00f3n por la calidad, soy tu agente de confianza en la <strong data-start=\"1679\" data-end=\"1695\">Costa Blanca<\/strong>. Ya sea que busques una <strong data-start=\"1720\" data-end=\"1768\">inversi\u00f3n en el mercado inmobiliario espa\u00f1ol<\/strong>, una <strong data-start=\"1774\" data-end=\"1809\">segunda residencia junto al mar<\/strong> o una <strong data-start=\"1816\" data-end=\"1845\">mudanza definitiva al sol<\/strong>, te acompa\u00f1o en cada paso del proceso.<\/p>\t\t\t\t\t\t\t\t<\/div>\n\t\t\t\t<\/div>\n\t\t\t\t<div class=\"elementor-element elementor-element-d558bc5 elementor-widget-mobile__width-initial elementor-invisible elementor-widget elementor-widget-heading\" data-id=\"d558bc5\" data-element_type=\"widget\" data-e-type=\"widget\" data-settings=\"{&quot;_animation&quot;:&quot;fadeIn&quot;}\" data-widget_type=\"heading.default\">\n\t\t\t\t<div class=\"elementor-widget-container\">\n\t\t\t\t\t<h3 class=\"elementor-heading-title elementor-size-default\">\u00a1Felicidades, eres el propietario de tu nuevo hogar!<\/h3>\t\t\t\t<\/div>\n\t\t\t\t<\/div>\n\t\t\t\t\t<\/div>\n\t\t<\/div>\n\t\t\t\t\t<\/div>\n\t\t<\/section>\n\t\t\t\t<\/div>\n\t\t","protected":false},"excerpt":{"rendered":"<p>Compra tu casa \u201cCada persona tiene un hogar esper\u00e1ndole, y cada hogar espera su propio due\u00f1o para hacerle feliz\u201d Contigo en cada uno de los pasos. Tu b\u00fasqueda de una vivienda de lujo en Espa\u00f1a no comienza solo con encontrar la casa adecuada, sino sobre todo con encontrar el acompa\u00f1amiento adecuado. Desde el primer momento [&hellip;]<\/p>\n","protected":false},"author":1,"featured_media":0,"parent":0,"menu_order":0,"comment_status":"closed","ping_status":"closed","template":"","meta":{"_monsterinsights_skip_tracking":false,"_monsterinsights_sitenote_active":false,"_monsterinsights_sitenote_note":"","_monsterinsights_sitenote_category":0,"_uf_show_specific_survey":0,"_uf_disable_surveys":false,"_joinchat":[],"footnotes":""},"class_list":["post-828","page","type-page","status-publish","hentry"],"_links":{"self":[{"href":"https:\/\/costablancaelite.com\/es\/wp-json\/wp\/v2\/pages\/828","targetHints":{"allow":["GET"]}}],"collection":[{"href":"https:\/\/costablancaelite.com\/es\/wp-json\/wp\/v2\/pages"}],"about":[{"href":"https:\/\/costablancaelite.com\/es\/wp-json\/wp\/v2\/types\/page"}],"author":[{"embeddable":true,"href":"https:\/\/costablancaelite.com\/es\/wp-json\/wp\/v2\/users\/1"}],"replies":[{"embeddable":true,"href":"https:\/\/costablancaelite.com\/es\/wp-json\/wp\/v2\/comments?post=828"}],"version-history":[{"count":96,"href":"https:\/\/costablancaelite.com\/es\/wp-json\/wp\/v2\/pages\/828\/revisions"}],"predecessor-version":[{"id":83009,"href":"https:\/\/costablancaelite.com\/es\/wp-json\/wp\/v2\/pages\/828\/revisions\/83009"}],"wp:attachment":[{"href":"https:\/\/costablancaelite.com\/es\/wp-json\/wp\/v2\/media?parent=828"}],"curies":[{"name":"wp","href":"https:\/\/api.w.org\/{rel}","templated":true}]}}